{"id":637,"date":"2022-03-21T07:42:33","date_gmt":"2022-03-21T07:42:33","guid":{"rendered":"https:\/\/esteswitch.com\/contact\/"},"modified":"2024-11-14T12:00:45","modified_gmt":"2024-11-14T12:00:45","slug":"iletisim","status":"publish","type":"page","link":"https:\/\/www.esteswitch.com\/en\/iletisim\/","title":{"rendered":"Contact"},"content":{"rendered":"<h1>\n\t\tContact\n\t<\/h1>\n\t<div class=\"ast-breadcrumbs-wrapper\">\n\t\t\t<div class=\"ast-breadcrumbs-inner\"><nav role=\"navigation\" aria-label=\"Breadcrumbs\" class=\"breadcrumb-trail breadcrumbs\" ><div class=\"ast-breadcrumbs\"><ul class=\"trail-items\" ><li  class=\"trail-item trail-end\"><span><a href=\"https:\/\/www.esteswitch.com\/en\/\" rel=\"home\"><span >Home<\/span><\/a><\/span><\/li><\/ul><\/div><\/nav><\/div>\n\t\t<\/div>\n\t<iframe src=\"https:\/\/www.google.com\/maps\/embed?pb=!1m18!1m12!1m3!1d1628722.6007138265!2d34.99602081049945!3d37.12656370752753!2m3!1f0!2f0!3f0!3m2!1i1024!2i768!4f13.1!3m3!1m2!1s0x1531e107675e7eaf%3A0x63c350cea09305b9!2sEste%20Switch%20Medikal%20A.%C5%9E!5e0!3m2!1str!2str!4v1699949635148!5m2!1str!2str\" width=\"100%\" height=\"450\" allowfullscreen=\"\" loading=\"lazy\" referrerpolicy=\"no-referrer-when-downgrade\"><\/iframe>\n<h3>\n\t\tContact Details\n\t<\/h3>\n\t<ul>\n\t\t<li>\t\t\t\t\n\t\t<h5>Address<\/h5><p>K\u0131z\u0131l\u0131rmak, YDA Center, Dumlup\u0131nar Blv. No:9\/A, 06530 <strong>\u00c7ankaya\/Ankara<\/strong><\/p><\/li>\t<\/ul>\n\t<ul>\n\t\t<li>\t\t\t\t\n\t\t<h5>Telephone Number<\/h5><p><a href=\"tel:08503030305\">+90 850 303 03 05<\/a><\/p><\/li>\t<\/ul>\n\t<ul>\n\t\t<li>\t\t\t\t\n\t\t<h5>Telefon Numaras\u0131 2<\/h5><p><a href=\"tel:05325899727\">+90 532 589 97 27<\/a><\/p><\/li>\t<\/ul>\n\t<ul>\n\t\t<li>\t\t\t\t\n\t\t<h5>Telephone Number<\/h5><p>0532 589 97 27<\/p><\/li>\t<\/ul>\n\t<ul>\n\t\t<li>\t\t\t\t\n\t\t<h5>E-Mail<\/h5><p><a href=\"mailto:info@esteswitch.com\">info@esteswitch.com<\/a><\/p>\n<\/li>\t<\/ul>\n\t<h3>\n\t\t\t\tFollow us\n\t\t\t<\/h3>\n<h3>\n\t\tWrite to Us\n\t<\/h3>\n\t<div class=\"wpforms-container\" id=\"wpforms-2541\"><form id=\"wpforms-form-2541\" class=\"wpforms-validate wpforms-form wpforms-ajax-form\" data-formid=\"2541\" method=\"post\" enctype=\"multipart\/form-data\" action=\"\/en\/wp-json\/wp\/v2\/pages\/637\" data-token=\"2395dae876065956b88429a2cb8597b6\" data-trp-original-action=\"\/en\/wp-json\/wp\/v2\/pages\/637\"><noscript class=\"wpforms-error-noscript\">Please enable JavaScript in your browser to complete this form.<\/noscript><div class=\"wpforms-field-container\"><div id=\"wpforms-2541-field_0-container\" class=\"wpforms-field wpforms-field-name\" data-field-id=\"0\"><div class=\"wpforms-field-row wpforms-field-large\"><div class=\"wpforms-field-row-block wpforms-first wpforms-one-half\"><input type=\"text\" id=\"wpforms-2541-field_0\" class=\"wpforms-field-name-first wpforms-field-required\" name=\"wpforms[fields][0][first]\" placeholder=\"Name\" required><label for=\"wpforms-2541-field_0\" class=\"wpforms-field-sublabel after wpforms-sublabel-hide\">First<\/label><\/div><div class=\"wpforms-field-row-block wpforms-one-half\"><input type=\"text\" id=\"wpforms-2541-field_0-last\" class=\"wpforms-field-name-last wpforms-field-required\" name=\"wpforms[fields][0][last]\" placeholder=\"Surname\" required><label for=\"wpforms-2541-field_0-last\" class=\"wpforms-field-sublabel after wpforms-sublabel-hide\">Last<\/label><\/div><\/div><\/div><div id=\"wpforms-2541-field_1-container\" class=\"wpforms-field wpforms-field-email\" data-field-id=\"1\"><input type=\"email\" id=\"wpforms-2541-field_1\" class=\"wpforms-field-large wpforms-field-required\" name=\"wpforms[fields][1]\" placeholder=\"E-Mail\" spellcheck=\"false\" required><\/div><div id=\"wpforms-2541-field_2-container\" class=\"wpforms-field wpforms-field-textarea\" data-field-id=\"2\"><textarea id=\"wpforms-2541-field_2\" class=\"wpforms-field-medium wpforms-field-required\" name=\"wpforms[fields][2]\" placeholder=\"Your message\" required><\/textarea><\/div><\/div><!-- .wpforms-field-container --><div class=\"wpforms-submit-container\" ><input type=\"hidden\" name=\"wpforms[id]\" value=\"2541\"><input type=\"hidden\" name=\"wpforms[author]\" value=\"2\"><button type=\"submit\" name=\"wpforms[submit]\" id=\"wpforms-submit-2541\" class=\"wpforms-submit\" data-alt-text=\"G\u00f6nderiliyor...\" data-submit-text=\"G\u00f6nder\" aria-live=\"assertive\" value=\"wpforms-submit\">Send<\/button><img loading=\"lazy\" decoding=\"async\" src=\"https:\/\/www.esteswitch.com\/wp-content\/plugins\/wpforms-lite\/assets\/images\/submit-spin.svg\" class=\"wpforms-submit-spinner\" style=\"display: none;\" width=\"26\" height=\"26\" alt=\"Loading\"><\/div><input type=\"hidden\" name=\"trp-form-language\" value=\"en\"\/><\/form><\/div>  <!-- .wpforms-container -->\n<h2>\n\t\tWellstox Medical Aesthetic Products  <br \/><b>Authorized Distributor of Turkey<\/b>\n\t<\/h2>\n\t<p class=\" translation-block\">You can examine our Wellstox product that we distribute in more detail.<\/p>\n\t\t\t<a href=\"https:\/\/wellstox.com.tr\/\" target=\"_blank\" rel=\"noopener\"  role=\"button\">\n\t\t\t\t\t\t\tVisit the Wellstox Page !\n\t\t<\/a>","protected":false},"excerpt":{"rendered":"<p>\u0130leti\u015fim Detaylar\u0131 Adres K\u0131z\u0131l\u0131rmak, YDA &hellip;<\/p>\n<p class=\"read-more\"> <a class=\"\" href=\"https:\/\/www.esteswitch.com\/en\/iletisim\/\"> <span class=\"screen-reader-text\">Contact<\/span> Read More \u00bb<\/a><\/p>","protected":false},"author":2,"featured_media":0,"parent":0,"menu_order":0,"comment_status":"closed","ping_status":"closed","template":"","meta":{"_uag_custom_page_level_css":"","site-sidebar-layout":"no-sidebar","site-content-layout":"page-builder","ast-site-content-layout":"full-width-container","site-content-style":"unboxed","site-sidebar-style":"unboxed","ast-global-header-display":"","ast-banner-title-visibility":"","ast-main-header-display":"","ast-hfb-above-header-display":"","ast-hfb-below-header-display":"","ast-hfb-mobile-header-display":"","site-post-title":"disabled","ast-breadcrumbs-content":"","ast-featured-img":"disabled","footer-sml-layout":"","theme-transparent-header-meta":"disabled","adv-header-id-meta":"","stick-header-meta":"","header-above-stick-meta":"","header-main-stick-meta":"","header-below-stick-meta":"","astra-migrate-meta-layouts":"set","footnotes":""},"class_list":["post-637","page","type-page","status-publish","hentry"],"uagb_featured_image_src":{"full":false,"thumbnail":false,"medium":false,"medium_large":false,"large":false,"1536x1536":false,"2048x2048":false,"trp-custom-language-flag":false},"uagb_author_info":{"display_name":"Bora Y\u0131ld\u0131r\u0131m","author_link":"https:\/\/www.esteswitch.com\/en\/author\/bora\/"},"uagb_comment_info":0,"uagb_excerpt":"\u0130leti\u015fim Detaylar\u0131 Adres K\u0131z\u0131l\u0131rmak, YDA &hellip; \u0130leti\u015fim Read More \u00bb","_links":{"self":[{"href":"https:\/\/www.esteswitch.com\/en\/wp-json\/wp\/v2\/pages\/637","targetHints":{"allow":["GET"]}}],"collection":[{"href":"https:\/\/www.esteswitch.com\/en\/wp-json\/wp\/v2\/pages"}],"about":[{"href":"https:\/\/www.esteswitch.com\/en\/wp-json\/wp\/v2\/types\/page"}],"author":[{"embeddable":true,"href":"https:\/\/www.esteswitch.com\/en\/wp-json\/wp\/v2\/users\/2"}],"replies":[{"embeddable":true,"href":"https:\/\/www.esteswitch.com\/en\/wp-json\/wp\/v2\/comments?post=637"}],"version-history":[{"count":4,"href":"https:\/\/www.esteswitch.com\/en\/wp-json\/wp\/v2\/pages\/637\/revisions"}],"predecessor-version":[{"id":2943,"href":"https:\/\/www.esteswitch.com\/en\/wp-json\/wp\/v2\/pages\/637\/revisions\/2943"}],"wp:attachment":[{"href":"https:\/\/www.esteswitch.com\/en\/wp-json\/wp\/v2\/media?parent=637"}],"curies":[{"name":"wp","href":"https:\/\/api.w.org\/{rel}","templated":true}]}}