{"id":634,"date":"2022-03-21T07:42:33","date_gmt":"2022-03-21T07:42:33","guid":{"rendered":"https:\/\/esteswitch.com\/services\/"},"modified":"2024-11-15T08:00:02","modified_gmt":"2024-11-15T08:00:02","slug":"wellstox","status":"publish","type":"page","link":"https:\/\/www.esteswitch.com\/en\/urunlerimiz\/wellstox\/","title":{"rendered":"Wellstox"},"content":{"rendered":"<h1>\n\t\tWellstox\n\t<\/h1>\n\t<div class=\"ast-breadcrumbs-wrapper\">\n\t\t\t<div class=\"ast-breadcrumbs-inner\"><nav role=\"navigation\" aria-label=\"Breadcrumbs\" class=\"breadcrumb-trail breadcrumbs\" ><div class=\"ast-breadcrumbs\"><ul class=\"trail-items\" ><li  class=\"trail-item trail-end\"><span><a href=\"https:\/\/www.esteswitch.com\/en\/\" rel=\"home\"><span >Home<\/span><\/a><\/span><\/li><\/ul><\/div><\/nav><\/div>\n\t\t<\/div>\n\t\t\t\t<img decoding=\"async\" src=\"https:\/\/www.esteswitch.com\/wp-content\/uploads\/2024\/11\/2-scaled.webp\" alt=\"2\" title=\"2\" itemprop=\"image\"  \/>\n<h3>\n\t\tDear Customers\n\t<\/h3>\n\t<p>Sizlere, <strong>Wellstox dolgu \u00fcr\u00fcnleri<\/strong> hakk\u0131nda birka\u00e7 \u00f6nemli bilgi vermek istiyoruz. \u00dcr\u00fcnlerimizi satma karar\u0131m\u0131z\u0131n ard\u0131ndaki nedenleri anlatmak ve size neden g\u00fcvendi\u011fimizi a\u00e7\u0131klamak istiyoruz.<\/p>\n<p class=\" translation-block\">Reliability and Quality: Wellstox Filler Products represent reliability in the beauty industry. Our products undergo strict quality standards and rigorous inspections. The successful results we achieve are evidence of the quality of our products.<\/p>\n<p class=\" translation-block\">Natural and Effective Solutions: Wellstox Filler Products emphasize natural beauty. Our goal is for our customers to have a healthy and natural appearance. Our products aim to achieve natural results and combat signs of aging.<\/p>\n<p class=\" translation-block\">Customer Satisfaction: Wellstox places great importance on customer satisfaction. We are here to provide our customers with the best service, pay attention to their needs, and respond to their questions. We are working to give you the best experience.<\/p>\n<p class=\" translation-block\">As part of the Wellstox Filler products, we are delighted to support you on your journey to beauty and youth. We believe in the benefits our products can offer for beauty and health. If you have any questions or needs, please feel free to contact us. We are here to provide you with more information and guide you on how to use\u00a0our\u00a0products.<\/p>\n<h2>\n\t\tWellstox Medical Aesthetic Products  <br \/><b>Authorized Distributor of Turkey<\/b>\n\t<\/h2>\n\t<p class=\" translation-block\">You can examine our Wellstox product that we distribute in more detail.<\/p>\n\t\t\t<a href=\"https:\/\/wellstox.com.tr\/\" target=\"_blank\" rel=\"noopener\"  role=\"button\">\n\t\t\t\t\t\t\tVisit the Wellstox Page !\n\t\t<\/a>","protected":false},"excerpt":{"rendered":"<p>Sevgili M\u00fc\u015fterilerimiz Sizlere, Wellstox dolgu &hellip;<\/p>\n<p class=\"read-more\"> <a class=\"\" href=\"https:\/\/www.esteswitch.com\/en\/urunlerimiz\/wellstox\/\"> <span class=\"screen-reader-text\">Wellstox<\/span> Read More \u00bb<\/a><\/p>","protected":false},"author":2,"featured_media":2947,"parent":2955,"menu_order":0,"comment_status":"closed","ping_status":"closed","template":"","meta":{"_uag_custom_page_level_css":"","site-sidebar-layout":"no-sidebar","site-content-layout":"page-builder","ast-site-content-layout":"full-width-container","site-content-style":"unboxed","site-sidebar-style":"unboxed","ast-global-header-display":"","ast-banner-title-visibility":"","ast-main-header-display":"","ast-hfb-above-header-display":"","ast-hfb-below-header-display":"","ast-hfb-mobile-header-display":"","site-post-title":"disabled","ast-breadcrumbs-content":"","ast-featured-img":"disabled","footer-sml-layout":"","theme-transparent-header-meta":"disabled","adv-header-id-meta":"","stick-header-meta":"","header-above-stick-meta":"","header-main-stick-meta":"","header-below-stick-meta":"","astra-migrate-meta-layouts":"set","footnotes":""},"class_list":["post-634","page","type-page","status-publish","has-post-thumbnail","hentry"],"uagb_featured_image_src":{"full":["https:\/\/www.esteswitch.com\/wp-content\/uploads\/2024\/11\/2.png",1414,2000,false],"thumbnail":["https:\/\/www.esteswitch.com\/wp-content\/uploads\/2024\/11\/2-150x150.png",150,150,true],"medium":["https:\/\/www.esteswitch.com\/wp-content\/uploads\/2024\/11\/2-212x300.png",212,300,true],"medium_large":["https:\/\/www.esteswitch.com\/wp-content\/uploads\/2024\/11\/2-768x1086.png",768,1086,true],"large":["https:\/\/www.esteswitch.com\/wp-content\/uploads\/2024\/11\/2-724x1024.png",724,1024,true],"1536x1536":["https:\/\/www.esteswitch.com\/wp-content\/uploads\/2024\/11\/2-1086x1536.png",1086,1536,true],"2048x2048":["https:\/\/www.esteswitch.com\/wp-content\/uploads\/2024\/11\/2.png",1414,2000,false],"trp-custom-language-flag":["https:\/\/www.esteswitch.com\/wp-content\/uploads\/2024\/11\/2-8x12.png",8,12,true]},"uagb_author_info":{"display_name":"Bora Y\u0131ld\u0131r\u0131m","author_link":"https:\/\/www.esteswitch.com\/en\/author\/bora\/"},"uagb_comment_info":0,"uagb_excerpt":"Sevgili M\u00fc\u015fterilerimiz Sizlere, Wellstox dolgu &hellip; Wellstox Read More \u00bb","_links":{"self":[{"href":"https:\/\/www.esteswitch.com\/en\/wp-json\/wp\/v2\/pages\/634","targetHints":{"allow":["GET"]}}],"collection":[{"href":"https:\/\/www.esteswitch.com\/en\/wp-json\/wp\/v2\/pages"}],"about":[{"href":"https:\/\/www.esteswitch.com\/en\/wp-json\/wp\/v2\/types\/page"}],"author":[{"embeddable":true,"href":"https:\/\/www.esteswitch.com\/en\/wp-json\/wp\/v2\/users\/2"}],"replies":[{"embeddable":true,"href":"https:\/\/www.esteswitch.com\/en\/wp-json\/wp\/v2\/comments?post=634"}],"version-history":[{"count":3,"href":"https:\/\/www.esteswitch.com\/en\/wp-json\/wp\/v2\/pages\/634\/revisions"}],"predecessor-version":[{"id":2996,"href":"https:\/\/www.esteswitch.com\/en\/wp-json\/wp\/v2\/pages\/634\/revisions\/2996"}],"up":[{"embeddable":true,"href":"https:\/\/www.esteswitch.com\/en\/wp-json\/wp\/v2\/pages\/2955"}],"wp:featuredmedia":[{"embeddable":true,"href":"https:\/\/www.esteswitch.com\/en\/wp-json\/wp\/v2\/media\/2947"}],"wp:attachment":[{"href":"https:\/\/www.esteswitch.com\/en\/wp-json\/wp\/v2\/media?parent=634"}],"curies":[{"name":"wp","href":"https:\/\/api.w.org\/{rel}","templated":true}]}}