{"id":632,"date":"2022-03-21T07:42:33","date_gmt":"2022-03-21T07:42:33","guid":{"rendered":"https:\/\/esteswitch.com\/home\/"},"modified":"2024-11-15T13:02:51","modified_gmt":"2024-11-15T13:02:51","slug":"anasayfa","status":"publish","type":"page","link":"https:\/\/www.esteswitch.com\/en\/","title":{"rendered":"Home"},"content":{"rendered":"<h2>\n\t\tPreferred by Professionals <br \/><b> Este Switch Medical A.Sh.<\/b>\n\t<\/h2>\n\t<p class=\" translation-block\">Managed by an experienced and expert team, our company consists of professionals, each specialized in their own field. Specialized in export, logistics, quality control and marketing, our team works to provide quality service to our customers and manage business processes effectively.<\/p>\n<p><strong>Our customers are the greatest value for us. We strive to understand and meet their expectations in the best way possible.<\/strong><\/p>\n\t\t\t\t<img decoding=\"async\" src=\"https:\/\/www.esteswitch.com\/wp-content\/uploads\/bb-plugin\/cache\/botox-circle.jpg\" alt=\"botox\" title=\"botox\" itemprop=\"image\"  \/>\n\t<h4>\n\t\t\t\tCollaborations\n\t\t\t<\/h4>\n\t\t<p>Our company is a well-established company specializing in the import and distribution of medical products.<\/p>\t\n\t<h4>\n\t\t\t\tCustomers\n\t\t\t<\/h4>\n\t\t<p>Our customers are the greatest value for us. We strive to understand and meet their expectations in the best way possible.<\/p>\t\n<h2 class=\" translation-block\">OUR CUSTOMERS ARE THE GREATEST VALUE FOR US.<\/h2>\n<h2>\n\t\t<b>Authorized Distributor of Turkey<\/b>\n\t<\/h2>\n\t<p class=\" translation-block\">You can examine our Wellstox product that we distribute in more detail.<\/p>\n\t\t\t<a href=\"https:\/\/wellstox.com.tr\/\" target=\"_blank\" rel=\"noopener\"  role=\"button\">\n\t\t\t\t\t\t\tVisit the Wellstox Page !\n\t\t<\/a>","protected":false},"excerpt":{"rendered":"<p>Profesyonellerin Tercihi Este Switch Medikal &hellip;<\/p>\n<p class=\"read-more\"> <a class=\"\" href=\"https:\/\/www.esteswitch.com\/en\/\"> <span class=\"screen-reader-text\">Home<\/span> Read More \u00bb<\/a><\/p>","protected":false},"author":2,"featured_media":0,"parent":0,"menu_order":0,"comment_status":"closed","ping_status":"closed","template":"","meta":{"_uag_custom_page_level_css":"","site-sidebar-layout":"no-sidebar","site-content-layout":"page-builder","ast-site-content-layout":"full-width-container","site-content-style":"unboxed","site-sidebar-style":"unboxed","ast-global-header-display":"","ast-banner-title-visibility":"","ast-main-header-display":"","ast-hfb-above-header-display":"","ast-hfb-below-header-display":"","ast-hfb-mobile-header-display":"","site-post-title":"disabled","ast-breadcrumbs-content":"","ast-featured-img":"disabled","footer-sml-layout":"","theme-transparent-header-meta":"default","adv-header-id-meta":"","stick-header-meta":"","header-above-stick-meta":"","header-main-stick-meta":"","header-below-stick-meta":"","astra-migrate-meta-layouts":"set","footnotes":""},"class_list":["post-632","page","type-page","status-publish","hentry"],"uagb_featured_image_src":{"full":false,"thumbnail":false,"medium":false,"medium_large":false,"large":false,"1536x1536":false,"2048x2048":false,"trp-custom-language-flag":false},"uagb_author_info":{"display_name":"Bora Y\u0131ld\u0131r\u0131m","author_link":"https:\/\/www.esteswitch.com\/en\/author\/bora\/"},"uagb_comment_info":0,"uagb_excerpt":"Profesyonellerin Tercihi Este Switch Medikal &hellip; Anasayfa Read More \u00bb","_links":{"self":[{"href":"https:\/\/www.esteswitch.com\/en\/wp-json\/wp\/v2\/pages\/632","targetHints":{"allow":["GET"]}}],"collection":[{"href":"https:\/\/www.esteswitch.com\/en\/wp-json\/wp\/v2\/pages"}],"about":[{"href":"https:\/\/www.esteswitch.com\/en\/wp-json\/wp\/v2\/types\/page"}],"author":[{"embeddable":true,"href":"https:\/\/www.esteswitch.com\/en\/wp-json\/wp\/v2\/users\/2"}],"replies":[{"embeddable":true,"href":"https:\/\/www.esteswitch.com\/en\/wp-json\/wp\/v2\/comments?post=632"}],"version-history":[{"count":2,"href":"https:\/\/www.esteswitch.com\/en\/wp-json\/wp\/v2\/pages\/632\/revisions"}],"predecessor-version":[{"id":3026,"href":"https:\/\/www.esteswitch.com\/en\/wp-json\/wp\/v2\/pages\/632\/revisions\/3026"}],"wp:attachment":[{"href":"https:\/\/www.esteswitch.com\/en\/wp-json\/wp\/v2\/media?parent=632"}],"curies":[{"name":"wp","href":"https:\/\/api.w.org\/{rel}","templated":true}]}}