{"id":2983,"date":"2024-11-15T06:23:02","date_gmt":"2024-11-15T06:23:02","guid":{"rendered":"https:\/\/www.esteswitch.com\/?page_id=2983"},"modified":"2024-11-15T08:02:51","modified_gmt":"2024-11-15T08:02:51","slug":"kaimax","status":"publish","type":"page","link":"https:\/\/www.esteswitch.com\/en\/urunlerimiz\/kaimax\/","title":{"rendered":"Kaimax"},"content":{"rendered":"<h1>\n\t\tKaimax\n\t<\/h1>\n\t<div class=\"ast-breadcrumbs-wrapper\">\n\t\t\t<div class=\"ast-breadcrumbs-inner\"><nav role=\"navigation\" aria-label=\"Breadcrumbs\" class=\"breadcrumb-trail breadcrumbs\" ><div class=\"ast-breadcrumbs\"><ul class=\"trail-items\" ><li  class=\"trail-item trail-end\"><span><a href=\"https:\/\/www.esteswitch.com\/en\/\" rel=\"home\"><span >Home<\/span><\/a><\/span><\/li><\/ul><\/div><\/nav><\/div>\n\t\t<\/div>\n\t\t\t\t<img decoding=\"async\" src=\"https:\/\/www.esteswitch.com\/wp-content\/uploads\/2024\/11\/6-1-scaled.webp\" alt=\"6 (1)\" title=\"6 (1)\" itemprop=\"image\"  \/>\n<h3>\n\t\tDear Customers\n\t<\/h3>\n\tWe would like to present you some important information about KAIMAX filling products. We would like to share with you our reasons for presenting our product and our confidence in KAIMAX filling products.\n<p class=\" translation-block\"><strong>High Quality and Reliability:<\/strong> KAIMAX Filler Products represent high quality and reliability in the field of beauty and skin care. Each KAIMAX product is produced by going through the most advanced technology and strict quality control processes. With this understanding of quality, as KAIMAX, we offer products that you can safely apply to your skin and provide reliable results.<\/p>\n<p class=\" translation-block\"><strong>Natural Results and Rejuvenating Effect: <\/strong>KAIMAX filler products are formulated to support the natural appearance of the skin and offer a rejuvenating effect. These products reduce the signs of aging and give the skin vitality and freshness. KAIMAX aims to preserve the naturalness of your skin and give it a healthy appearance and offers a natural but effective solution to its users.<\/p>\n<p><strong>M\u00fc\u015fteri Memnuniyeti ve Destek:<\/strong> KAIMAX olarak m\u00fc\u015fteri memnuniyeti bizim i\u00e7in b\u00fcy\u00fck bir \u00f6neme sahiptir. Kullan\u0131c\u0131lar\u0131m\u0131z\u0131n t\u00fcm sorular\u0131na yan\u0131t vermek, ihtiya\u00e7lar\u0131na \u00f6zel \u00e7\u00f6z\u00fcmler sunmak ve onlar\u0131 do\u011fru y\u00f6nlendirmek i\u00e7in her zaman yan\u0131n\u0131zday\u0131z. KAIMAX ile en iyi g\u00fczellik ve bak\u0131m deneyimini ya\u015faman\u0131z i\u00e7in s\u00fcrekli destek sa\u011fl\u0131yoruz.<\/p>\n<p>KAIMAX dolgu \u00fcr\u00fcnleri, g\u00fczellik yolculu\u011funuzda size g\u00fcvenilir bir destek sunmay\u0131 hedefler. \u00dcr\u00fcnlerimizin sa\u011flad\u0131\u011f\u0131 estetik ve cilt sa\u011fl\u0131\u011f\u0131 \u00fczerindeki olumlu etkilerine inan\u0131yoruz. Herhangi bir sorunuz oldu\u011funda veya deste\u011fe ihtiya\u00e7 duydu\u011funuzda bizimle ileti\u015fime ge\u00e7mekten \u00e7ekinmeyin. KAIMAX ailesi olarak, size en iyi sonu\u00e7lar\u0131 elde etmeniz i\u00e7in buraday\u0131z.<\/p>\n<h2>\n\t\tWellstox Medical Aesthetic Products  <br \/><b>Authorized Distributor of Turkey<\/b>\n\t<\/h2>\n\t<p class=\" translation-block\">You can examine our Wellstox product that we distribute in more detail.<\/p>\n\t\t\t<a href=\"https:\/\/wellstox.com.tr\/\" target=\"_blank\" rel=\"noopener\"  role=\"button\">\n\t\t\t\t\t\t\tVisit the Wellstox Page !\n\t\t<\/a>","protected":false},"excerpt":{"rendered":"<p>Sevgili M\u00fc\u015fterilerimiz Sizlere, KAIMAX dolgu &hellip;<\/p>\n<p class=\"read-more\"> <a class=\"\" href=\"https:\/\/www.esteswitch.com\/en\/urunlerimiz\/kaimax\/\"> <span class=\"screen-reader-text\">Kaimax<\/span> Read More \u00bb<\/a><\/p>","protected":false},"author":6,"featured_media":2963,"parent":2955,"menu_order":0,"comment_status":"closed","ping_status":"closed","template":"","meta":{"_uag_custom_page_level_css":"","site-sidebar-layout":"no-sidebar","site-content-layout":"page-builder","ast-site-content-layout":"full-width-container","site-content-style":"unboxed","site-sidebar-style":"unboxed","ast-global-header-display":"","ast-banner-title-visibility":"","ast-main-header-display":"","ast-hfb-above-header-display":"","ast-hfb-below-header-display":"","ast-hfb-mobile-header-display":"","site-post-title":"disabled","ast-breadcrumbs-content":"","ast-featured-img":"disabled","footer-sml-layout":"","theme-transparent-header-meta":"disabled","adv-header-id-meta":"","stick-header-meta":"","header-above-stick-meta":"","header-main-stick-meta":"","header-below-stick-meta":"","astra-migrate-meta-layouts":"set","footnotes":""},"class_list":["post-2983","page","type-page","status-publish","has-post-thumbnail","hentry"],"uagb_featured_image_src":{"full":["https:\/\/www.esteswitch.com\/wp-content\/uploads\/2024\/11\/6.webp",1414,2000,false],"thumbnail":["https:\/\/www.esteswitch.com\/wp-content\/uploads\/2024\/11\/6-150x150.webp",150,150,true],"medium":["https:\/\/www.esteswitch.com\/wp-content\/uploads\/2024\/11\/6-212x300.webp",212,300,true],"medium_large":["https:\/\/www.esteswitch.com\/wp-content\/uploads\/2024\/11\/6-768x1086.webp",768,1086,true],"large":["https:\/\/www.esteswitch.com\/wp-content\/uploads\/2024\/11\/6-724x1024.webp",724,1024,true],"1536x1536":["https:\/\/www.esteswitch.com\/wp-content\/uploads\/2024\/11\/6-1086x1536.webp",1086,1536,true],"2048x2048":["https:\/\/www.esteswitch.com\/wp-content\/uploads\/2024\/11\/6.webp",1414,2000,false],"trp-custom-language-flag":["https:\/\/www.esteswitch.com\/wp-content\/uploads\/2024\/11\/6-8x12.webp",8,12,true]},"uagb_author_info":{"display_name":"Nesrin Yarar","author_link":"https:\/\/www.esteswitch.com\/en\/author\/nesrinco\/"},"uagb_comment_info":0,"uagb_excerpt":"Sevgili M\u00fc\u015fterilerimiz Sizlere, KAIMAX dolgu &hellip; Kaimax Read More \u00bb","_links":{"self":[{"href":"https:\/\/www.esteswitch.com\/en\/wp-json\/wp\/v2\/pages\/2983","targetHints":{"allow":["GET"]}}],"collection":[{"href":"https:\/\/www.esteswitch.com\/en\/wp-json\/wp\/v2\/pages"}],"about":[{"href":"https:\/\/www.esteswitch.com\/en\/wp-json\/wp\/v2\/types\/page"}],"author":[{"embeddable":true,"href":"https:\/\/www.esteswitch.com\/en\/wp-json\/wp\/v2\/users\/6"}],"replies":[{"embeddable":true,"href":"https:\/\/www.esteswitch.com\/en\/wp-json\/wp\/v2\/comments?post=2983"}],"version-history":[{"count":3,"href":"https:\/\/www.esteswitch.com\/en\/wp-json\/wp\/v2\/pages\/2983\/revisions"}],"predecessor-version":[{"id":2999,"href":"https:\/\/www.esteswitch.com\/en\/wp-json\/wp\/v2\/pages\/2983\/revisions\/2999"}],"up":[{"embeddable":true,"href":"https:\/\/www.esteswitch.com\/en\/wp-json\/wp\/v2\/pages\/2955"}],"wp:featuredmedia":[{"embeddable":true,"href":"https:\/\/www.esteswitch.com\/en\/wp-json\/wp\/v2\/media\/2963"}],"wp:attachment":[{"href":"https:\/\/www.esteswitch.com\/en\/wp-json\/wp\/v2\/media?parent=2983"}],"curies":[{"name":"wp","href":"https:\/\/api.w.org\/{rel}","templated":true}]}}