{"id":2966,"date":"2024-11-14T12:42:28","date_gmt":"2024-11-14T12:42:28","guid":{"rendered":"https:\/\/www.esteswitch.com\/?page_id=2966"},"modified":"2024-11-14T13:20:47","modified_gmt":"2024-11-14T13:20:47","slug":"exoblanc","status":"publish","type":"page","link":"https:\/\/www.esteswitch.com\/en\/urunlerimiz\/exoblanc\/","title":{"rendered":"Exoblanc"},"content":{"rendered":"<h1>\n\t\tExoblanc\n\t<\/h1>\n\t<div class=\"ast-breadcrumbs-wrapper\">\n\t\t\t<div class=\"ast-breadcrumbs-inner\"><nav role=\"navigation\" aria-label=\"Breadcrumbs\" class=\"breadcrumb-trail breadcrumbs\" ><div class=\"ast-breadcrumbs\"><ul class=\"trail-items\" ><li  class=\"trail-item trail-end\"><span><a href=\"https:\/\/www.esteswitch.com\/en\/\" rel=\"home\"><span >Home<\/span><\/a><\/span><\/li><\/ul><\/div><\/nav><\/div>\n\t\t<\/div>\n\t\t\t\t<img decoding=\"async\" src=\"https:\/\/www.esteswitch.com\/wp-content\/uploads\/2024\/11\/5.webp\" alt=\"5\" title=\"5\" itemprop=\"image\"  \/>\n<h3>\n\t\tDear Customers\n\t<\/h3>\n\tWe would like to present you some important information about EXOBLANC filling products. We would like to share with you our confidence in EXOBLANC filler products by sharing our reasons for choosing these products.\n<p class=\" translation-block\"><strong>Advanced Technology and Trust:<\/strong> EXOBLANC Filler Products represent innovative solutions and high reliability in the beauty industry. Our products are manufactured using the most advanced technology and are rigorously inspected in high quality standards. As EXOBLANC, we are committed to providing reliable and effective results to our users with each of our filling products.<\/p>\n<p class=\" translation-block\"><strong>Luminous and Natural Appearance:<\/strong> EXOBLANC filler products have been developed in order to give the skin a luminous and natural appearance. Our products alleviate the effects of aging by supporting the natural structure of the skin and allow you to achieve a brighter, more vibrant appearance. With EXOBLANC filler products, it becomes possible to add a natural glow and youth to your skin.<\/p>\n<p><strong>M\u00fc\u015fteri Odakl\u0131 Hizmet ve Memnuniyet:<\/strong> EXOBLANC, m\u00fc\u015fteri memnuniyetini her zaman \u00f6ncelikli tutar. M\u00fc\u015fterilerimizin ihtiya\u00e7lar\u0131na yan\u0131t vermek, sorular\u0131n\u0131 yan\u0131tlamak ve en iyi sonu\u00e7lar\u0131 elde etmelerine destek olmak i\u00e7in buraday\u0131z. EXOBLANC olarak, g\u00fczellik yolculu\u011funuzda size en iyi deneyimi ya\u015fatmak i\u00e7in t\u00fcm ekibimizle yan\u0131n\u0131zday\u0131z.<\/p>\n<p>EXOBLANC dolgu \u00fcr\u00fcnlerinin bir par\u00e7as\u0131 olarak, do\u011fal g\u00fczellik ve sa\u011fl\u0131k yolculu\u011funuzda sizlere destek olmaktan memnuniyet duyuyoruz. \u00dcr\u00fcnlerimizin sundu\u011fu do\u011fal ve estetik \u00e7\u00f6z\u00fcmler ile cildinizin daha canl\u0131 ve sa\u011fl\u0131kl\u0131 g\u00f6r\u00fcnmesi i\u00e7in yan\u0131n\u0131zday\u0131z. Herhangi bir sorunuz ya da destek ihtiyac\u0131n\u0131z oldu\u011funda bizimle ileti\u015fime ge\u00e7mekten \u00e7ekinmeyin. Cilt bak\u0131m\u0131n\u0131zda size rehberlik etmek ve en iyi sonu\u00e7lar\u0131 elde etmenizi sa\u011flamak i\u00e7in buraday\u0131z.<\/p>\n<h2>\n\t\tWellstox Medical Aesthetic Products  <br \/><b>Authorized Distributor of Turkey<\/b>\n\t<\/h2>\n\t<p class=\" translation-block\">You can examine our Wellstox product that we distribute in more detail.<\/p>\n\t\t\t<a href=\"https:\/\/wellstox.com.tr\/\" target=\"_blank\" rel=\"noopener\"  role=\"button\">\n\t\t\t\t\t\t\tVisit the Wellstox Page !\n\t\t<\/a>","protected":false},"excerpt":{"rendered":"<p>Sevgili M\u00fc\u015fterilerimiz Sizlere, EXOBLANC dolgu &hellip;<\/p>\n<p class=\"read-more\"> <a class=\"\" href=\"https:\/\/www.esteswitch.com\/en\/urunlerimiz\/exoblanc\/\"> <span class=\"screen-reader-text\">Exoblanc<\/span> Read More \u00bb<\/a><\/p>","protected":false},"author":6,"featured_media":2964,"parent":2955,"menu_order":0,"comment_status":"closed","ping_status":"closed","template":"","meta":{"_uag_custom_page_level_css":"","site-sidebar-layout":"no-sidebar","site-content-layout":"page-builder","ast-site-content-layout":"full-width-container","site-content-style":"unboxed","site-sidebar-style":"unboxed","ast-global-header-display":"","ast-banner-title-visibility":"","ast-main-header-display":"","ast-hfb-above-header-display":"","ast-hfb-below-header-display":"","ast-hfb-mobile-header-display":"","site-post-title":"disabled","ast-breadcrumbs-content":"","ast-featured-img":"disabled","footer-sml-layout":"","theme-transparent-header-meta":"disabled","adv-header-id-meta":"","stick-header-meta":"","header-above-stick-meta":"","header-main-stick-meta":"","header-below-stick-meta":"","astra-migrate-meta-layouts":"set","footnotes":""},"class_list":["post-2966","page","type-page","status-publish","has-post-thumbnail","hentry"],"uagb_featured_image_src":{"full":["https:\/\/www.esteswitch.com\/wp-content\/uploads\/2024\/11\/5.webp",1414,2000,false],"thumbnail":["https:\/\/www.esteswitch.com\/wp-content\/uploads\/2024\/11\/5-150x150.webp",150,150,true],"medium":["https:\/\/www.esteswitch.com\/wp-content\/uploads\/2024\/11\/5-212x300.webp",212,300,true],"medium_large":["https:\/\/www.esteswitch.com\/wp-content\/uploads\/2024\/11\/5-768x1086.webp",768,1086,true],"large":["https:\/\/www.esteswitch.com\/wp-content\/uploads\/2024\/11\/5-724x1024.webp",724,1024,true],"1536x1536":["https:\/\/www.esteswitch.com\/wp-content\/uploads\/2024\/11\/5-1086x1536.webp",1086,1536,true],"2048x2048":["https:\/\/www.esteswitch.com\/wp-content\/uploads\/2024\/11\/5.webp",1414,2000,false],"trp-custom-language-flag":["https:\/\/www.esteswitch.com\/wp-content\/uploads\/2024\/11\/5-8x12.webp",8,12,true]},"uagb_author_info":{"display_name":"Nesrin Yarar","author_link":"https:\/\/www.esteswitch.com\/en\/author\/nesrinco\/"},"uagb_comment_info":0,"uagb_excerpt":"Sevgili M\u00fc\u015fterilerimiz Sizlere, EXOBLANC dolgu &hellip; Exoblanc Read More \u00bb","_links":{"self":[{"href":"https:\/\/www.esteswitch.com\/en\/wp-json\/wp\/v2\/pages\/2966","targetHints":{"allow":["GET"]}}],"collection":[{"href":"https:\/\/www.esteswitch.com\/en\/wp-json\/wp\/v2\/pages"}],"about":[{"href":"https:\/\/www.esteswitch.com\/en\/wp-json\/wp\/v2\/types\/page"}],"author":[{"embeddable":true,"href":"https:\/\/www.esteswitch.com\/en\/wp-json\/wp\/v2\/users\/6"}],"replies":[{"embeddable":true,"href":"https:\/\/www.esteswitch.com\/en\/wp-json\/wp\/v2\/comments?post=2966"}],"version-history":[{"count":2,"href":"https:\/\/www.esteswitch.com\/en\/wp-json\/wp\/v2\/pages\/2966\/revisions"}],"predecessor-version":[{"id":2973,"href":"https:\/\/www.esteswitch.com\/en\/wp-json\/wp\/v2\/pages\/2966\/revisions\/2973"}],"up":[{"embeddable":true,"href":"https:\/\/www.esteswitch.com\/en\/wp-json\/wp\/v2\/pages\/2955"}],"wp:featuredmedia":[{"embeddable":true,"href":"https:\/\/www.esteswitch.com\/en\/wp-json\/wp\/v2\/media\/2964"}],"wp:attachment":[{"href":"https:\/\/www.esteswitch.com\/en\/wp-json\/wp\/v2\/media?parent=2966"}],"curies":[{"name":"wp","href":"https:\/\/api.w.org\/{rel}","templated":true}]}}