{"id":2957,"date":"2024-11-14T12:34:26","date_gmt":"2024-11-14T12:34:26","guid":{"rendered":"https:\/\/www.esteswitch.com\/?page_id=2957"},"modified":"2024-11-15T08:05:27","modified_gmt":"2024-11-15T08:05:27","slug":"cambridge","status":"publish","type":"page","link":"https:\/\/www.esteswitch.com\/en\/urunlerimiz\/cambridge\/","title":{"rendered":"Cambridge"},"content":{"rendered":"<h1>\n\t\tCambridge\n\t<\/h1>\n\t<div class=\"ast-breadcrumbs-wrapper\">\n\t\t\t<div class=\"ast-breadcrumbs-inner\"><nav role=\"navigation\" aria-label=\"Breadcrumbs\" class=\"breadcrumb-trail breadcrumbs\" ><div class=\"ast-breadcrumbs\"><ul class=\"trail-items\" ><li  class=\"trail-item trail-end\"><span><a href=\"https:\/\/www.esteswitch.com\/en\/\" rel=\"home\"><span >Home<\/span><\/a><\/span><\/li><\/ul><\/div><\/nav><\/div>\n\t\t<\/div>\n\t\t\t\t<img decoding=\"async\" src=\"https:\/\/www.esteswitch.com\/wp-content\/uploads\/2024\/11\/3-1-scaled.webp\" alt=\"3 (1)\" title=\"3 (1)\" itemprop=\"image\"  \/>\n<h3>\n\t\tDear Customers\n\t<\/h3>\n\tWe would like to give you some important information about Cambridge filling products. We would like to share with you our confidence in Cambridge filling products by sharing the reasons behind our decision to offer these products.\n<strong>G\u00fcven ve M\u00fckemmeliyet: <\/strong>Cambridge Dolgu \u00dcr\u00fcnleri, uzun y\u0131llard\u0131r g\u00fczellik ve sa\u011fl\u0131k end\u00fcstrisinde g\u00fcven ve m\u00fckemmelli\u011fi temsil eder. \u00dcr\u00fcnlerimiz, alan\u0131nda uzmanlar taraf\u0131ndan en y\u00fcksek kalite standartlar\u0131nda \u00fcretilir ve titizlikle denetlenir. Cambridge&#8217;in sundu\u011fu bu kalite ve g\u00fcven, kullan\u0131c\u0131lar\u0131m\u0131z\u0131n cilt bak\u0131m\u0131 ve g\u00fczellikte beklentilerini en \u00fcst d\u00fczeyde kar\u015f\u0131lamak amac\u0131 ta\u015f\u0131r.\n<strong>Do\u011fal G\u00fczellik ve Etkili Sonu\u00e7lar: <\/strong>Cambridge dolgu \u00fcr\u00fcnleri, do\u011fal g\u00fczellik felsefesiyle geli\u015ftirilmi\u015ftir. Bu \u00fcr\u00fcnler, kullan\u0131c\u0131lar\u0131m\u0131z\u0131n sa\u011fl\u0131kl\u0131 ve do\u011fal bir g\u00f6r\u00fcn\u00fcm elde etmelerine yard\u0131mc\u0131 olur. Cambridge \u00fcr\u00fcnleri, ya\u015flanma belirtilerini azalt\u0131rken cildin \u0131\u015f\u0131lt\u0131s\u0131n\u0131 art\u0131rarak cilt g\u00f6r\u00fcn\u00fcm\u00fcn\u00fc gen\u00e7le\u015ftirmek i\u00e7in \u00f6zel olarak form\u00fcle edilmi\u015ftir. B\u00f6ylece, do\u011fal ama etkili bir sonu\u00e7 sa\u011flar.\n<strong>M\u00fc\u015fteri \u0130li\u015fkileri ve Memnuniyeti: <\/strong>Cambridge, m\u00fc\u015fteri memnuniyetini her zaman \u00f6ncelikli olarak g\u00f6r\u00fcr. Kullan\u0131c\u0131lar\u0131m\u0131z\u0131n ihtiya\u00e7lar\u0131na ve sorular\u0131na \u00f6zenle cevap vermek i\u00e7in buraday\u0131z. Cambridge olarak, m\u00fc\u015fterilerimize en iyi hizmeti sunmak ve onlara her konuda destek olmak amac\u0131yla her zaman yanlar\u0131nday\u0131z. Sizlere en iyi deneyimi ya\u015fatmak i\u00e7in t\u00fcm ekibimizle \u00e7al\u0131\u015f\u0131yoruz.\nCambridge dolgu \u00fcr\u00fcnlerinin bir par\u00e7as\u0131 olarak, g\u00fczellik yolculu\u011funuzda sizlere destek olmaktan mutluluk duyuyoruz. \u00dcr\u00fcnlerimizin cilt sa\u011fl\u0131\u011f\u0131 ve estetik g\u00f6r\u00fcn\u00fcm \u00fczerindeki olumlu etkilerine inan\u0131yoruz. Herhangi bir sorunuz veya ihtiyac\u0131n\u0131z oldu\u011funda, size yard\u0131mc\u0131 olmaktan memnuniyet duyar\u0131z. \u00dcr\u00fcnlerimizi nas\u0131l kullanabilece\u011finizi anlatmak ve size rehberlik etmek i\u00e7in buraday\u0131z.\n<h2>\n\t\tWellstox Medical Aesthetic Products  <br \/><b>Authorized Distributor of Turkey<\/b>\n\t<\/h2>\n\t<p class=\" translation-block\">You can examine our Wellstox product that we distribute in more detail.<\/p>\n\t\t\t<a href=\"https:\/\/wellstox.com.tr\/\" target=\"_blank\" rel=\"noopener\"  role=\"button\">\n\t\t\t\t\t\t\tVisit the Wellstox Page !\n\t\t<\/a>","protected":false},"excerpt":{"rendered":"<p>Sevgili M\u00fc\u015fterilerimiz Sizlere Cambridge dolgu &hellip;<\/p>\n<p class=\"read-more\"> <a class=\"\" href=\"https:\/\/www.esteswitch.com\/en\/urunlerimiz\/cambridge\/\"> <span class=\"screen-reader-text\">Cambridge<\/span> Read More \u00bb<\/a><\/p>","protected":false},"author":6,"featured_media":2951,"parent":2955,"menu_order":0,"comment_status":"closed","ping_status":"closed","template":"","meta":{"_uag_custom_page_level_css":"","site-sidebar-layout":"no-sidebar","site-content-layout":"page-builder","ast-site-content-layout":"full-width-container","site-content-style":"unboxed","site-sidebar-style":"unboxed","ast-global-header-display":"","ast-banner-title-visibility":"","ast-main-header-display":"","ast-hfb-above-header-display":"","ast-hfb-below-header-display":"","ast-hfb-mobile-header-display":"","site-post-title":"disabled","ast-breadcrumbs-content":"","ast-featured-img":"disabled","footer-sml-layout":"","theme-transparent-header-meta":"disabled","adv-header-id-meta":"","stick-header-meta":"","header-above-stick-meta":"","header-main-stick-meta":"","header-below-stick-meta":"","astra-migrate-meta-layouts":"set","footnotes":""},"class_list":["post-2957","page","type-page","status-publish","has-post-thumbnail","hentry"],"uagb_featured_image_src":{"full":["https:\/\/www.esteswitch.com\/wp-content\/uploads\/2024\/11\/3.webp",1414,2000,false],"thumbnail":["https:\/\/www.esteswitch.com\/wp-content\/uploads\/2024\/11\/3-150x150.webp",150,150,true],"medium":["https:\/\/www.esteswitch.com\/wp-content\/uploads\/2024\/11\/3-212x300.webp",212,300,true],"medium_large":["https:\/\/www.esteswitch.com\/wp-content\/uploads\/2024\/11\/3-768x1086.webp",768,1086,true],"large":["https:\/\/www.esteswitch.com\/wp-content\/uploads\/2024\/11\/3-724x1024.webp",724,1024,true],"1536x1536":["https:\/\/www.esteswitch.com\/wp-content\/uploads\/2024\/11\/3-1086x1536.webp",1086,1536,true],"2048x2048":["https:\/\/www.esteswitch.com\/wp-content\/uploads\/2024\/11\/3.webp",1414,2000,false],"trp-custom-language-flag":["https:\/\/www.esteswitch.com\/wp-content\/uploads\/2024\/11\/3-8x12.webp",8,12,true]},"uagb_author_info":{"display_name":"Nesrin Yarar","author_link":"https:\/\/www.esteswitch.com\/en\/author\/nesrinco\/"},"uagb_comment_info":0,"uagb_excerpt":"Sevgili M\u00fc\u015fterilerimiz Sizlere Cambridge dolgu &hellip; Cambridge Read More \u00bb","_links":{"self":[{"href":"https:\/\/www.esteswitch.com\/en\/wp-json\/wp\/v2\/pages\/2957","targetHints":{"allow":["GET"]}}],"collection":[{"href":"https:\/\/www.esteswitch.com\/en\/wp-json\/wp\/v2\/pages"}],"about":[{"href":"https:\/\/www.esteswitch.com\/en\/wp-json\/wp\/v2\/types\/page"}],"author":[{"embeddable":true,"href":"https:\/\/www.esteswitch.com\/en\/wp-json\/wp\/v2\/users\/6"}],"replies":[{"embeddable":true,"href":"https:\/\/www.esteswitch.com\/en\/wp-json\/wp\/v2\/comments?post=2957"}],"version-history":[{"count":3,"href":"https:\/\/www.esteswitch.com\/en\/wp-json\/wp\/v2\/pages\/2957\/revisions"}],"predecessor-version":[{"id":3001,"href":"https:\/\/www.esteswitch.com\/en\/wp-json\/wp\/v2\/pages\/2957\/revisions\/3001"}],"up":[{"embeddable":true,"href":"https:\/\/www.esteswitch.com\/en\/wp-json\/wp\/v2\/pages\/2955"}],"wp:featuredmedia":[{"embeddable":true,"href":"https:\/\/www.esteswitch.com\/en\/wp-json\/wp\/v2\/media\/2951"}],"wp:attachment":[{"href":"https:\/\/www.esteswitch.com\/en\/wp-json\/wp\/v2\/media?parent=2957"}],"curies":[{"name":"wp","href":"https:\/\/api.w.org\/{rel}","templated":true}]}}