{"id":2955,"date":"2024-11-14T12:32:53","date_gmt":"2024-11-14T12:32:53","guid":{"rendered":"https:\/\/www.esteswitch.com\/?page_id=2955"},"modified":"2024-11-15T06:28:38","modified_gmt":"2024-11-15T06:28:38","slug":"urunlerimiz","status":"publish","type":"page","link":"https:\/\/www.esteswitch.com\/en\/urunlerimiz\/","title":{"rendered":"Our Products"},"content":{"rendered":"<h1>\n\t\tOur Products\n\t<\/h1>\n\t<div class=\"ast-breadcrumbs-wrapper\">\n\t\t\t<div class=\"ast-breadcrumbs-inner\"><nav role=\"navigation\" aria-label=\"Breadcrumbs\" class=\"breadcrumb-trail breadcrumbs\" ><div class=\"ast-breadcrumbs\"><ul class=\"trail-items\" ><li  class=\"trail-item trail-end\"><span><a href=\"https:\/\/www.esteswitch.com\/en\/\" rel=\"home\"><span >Home<\/span><\/a><\/span><\/li><\/ul><\/div><\/nav><\/div>\n\t\t<\/div>\n\t\t\t\t\t\t\t\t\t\t\t\t\t\t<a href=\"https:\/\/www.esteswitch.com\/en\/urunlerimiz\/kaimax\/\" target=\"_self\" title=\"Kaimax\">\n\t\t\t\t<img decoding=\"async\" src=\"https:\/\/www.esteswitch.com\/wp-content\/uploads\/2024\/11\/6.webp\" alt=\"\" \/>\n\t\t\t\t<\/a>\n\t\t\t\t\t\t<h3>\n\t\t\t\t<a href=\"https:\/\/www.esteswitch.com\/en\/urunlerimiz\/kaimax\/\" title=\"Kaimax\" tabindex=\"0\">Kaimax<\/a>\t\t\t<\/h3>\n\t\t\t\t\t\t\t\t\t\t\t\t\t\t<a href=\"https:\/\/www.esteswitch.com\/en\/urunlerimiz\/exoblanc\/\" target=\"_self\" title=\"Exoblanc\">\n\t\t\t\t<img decoding=\"async\" src=\"https:\/\/www.esteswitch.com\/wp-content\/uploads\/2024\/11\/5.webp\" alt=\"\" \/>\n\t\t\t\t<\/a>\n\t\t\t\t\t\t<h3>\n\t\t\t\t<a href=\"https:\/\/www.esteswitch.com\/en\/urunlerimiz\/exoblanc\/\" title=\"Exoblanc\" tabindex=\"0\">Exoblanc<\/a>\t\t\t<\/h3>\n\t\t\t\t\t\t\t\t\t\t\t\t\t\t<a href=\"https:\/\/www.esteswitch.com\/en\/urunlerimiz\/kairax\/\" target=\"_self\" title=\"Kairax\">\n\t\t\t\t<img decoding=\"async\" src=\"https:\/\/www.esteswitch.com\/wp-content\/uploads\/2024\/11\/7.webp\" alt=\"\" \/>\n\t\t\t\t<\/a>\n\t\t\t\t\t\t<h3>\n\t\t\t\t<a href=\"https:\/\/www.esteswitch.com\/en\/urunlerimiz\/kairax\/\" title=\"Kairax\" tabindex=\"0\">Kairax<\/a>\t\t\t<\/h3>\n\t\t\t\t\t\t\t\t\t\t\t\t\t\t<a href=\"https:\/\/www.esteswitch.com\/en\/urunlerimiz\/cambridge\/\" target=\"_self\" title=\"Cambridge\">\n\t\t\t\t<img decoding=\"async\" src=\"https:\/\/www.esteswitch.com\/wp-content\/uploads\/2024\/11\/3.webp\" alt=\"\" \/>\n\t\t\t\t<\/a>\n\t\t\t\t\t\t<h3>\n\t\t\t\t<a href=\"https:\/\/www.esteswitch.com\/en\/urunlerimiz\/cambridge\/\" title=\"Cambridge\" tabindex=\"0\">Cambridge<\/a>\t\t\t<\/h3>\n\t\t\t\t\t\t\t\t\t\t\t\t\t\t<a href=\"https:\/\/www.esteswitch.com\/en\/urunlerimiz\/illuma\/\" target=\"_self\" title=\"\u0130lluma\">\n\t\t\t\t<img decoding=\"async\" src=\"https:\/\/www.esteswitch.com\/wp-content\/uploads\/2024\/11\/4.webp\" alt=\"\" \/>\n\t\t\t\t<\/a>\n\t\t\t\t\t\t<h3>\n\t\t\t\t<a href=\"https:\/\/www.esteswitch.com\/en\/urunlerimiz\/illuma\/\" title=\"\u0130lluma\" tabindex=\"0\">\u0130lluma<\/a>\t\t\t<\/h3>\n\t\t\t\t\t\t\t\t\t\t\t\t\t\t<a href=\"https:\/\/www.esteswitch.com\/en\/urunlerimiz\/wellstox\/\" target=\"_self\" title=\"Wellstox\">\n\t\t\t\t<img decoding=\"async\" src=\"https:\/\/www.esteswitch.com\/wp-content\/uploads\/2024\/11\/2.png\" alt=\"\" \/>\n\t\t\t\t<\/a>\n\t\t\t\t\t\t<h3>\n\t\t\t\t<a href=\"https:\/\/www.esteswitch.com\/en\/urunlerimiz\/wellstox\/\" title=\"Wellstox\" tabindex=\"0\">Wellstox<\/a>\t\t\t<\/h3>\n<h2>\n\t\tWellstox Medical Aesthetic Products  <br \/><b>Authorized Distributor of Turkey<\/b>\n\t<\/h2>\n\t<p class=\" translation-block\">You can examine our Wellstox product that we distribute in more detail.<\/p>\n\t\t\t<a href=\"https:\/\/wellstox.com.tr\/\" target=\"_blank\" rel=\"noopener\"  role=\"button\">\n\t\t\t\t\t\t\tVisit the Wellstox Page !\n\t\t<\/a>","protected":false},"excerpt":{"rendered":"<p>Kaimax Exoblanc Kairax Cambridge \u0130lluma &hellip;<\/p>\n<p class=\"read-more\"> <a class=\"\" href=\"https:\/\/www.esteswitch.com\/en\/urunlerimiz\/\"> <span class=\"screen-reader-text\">Our Products<\/span> Read More \u00bb<\/a><\/p>","protected":false},"author":6,"featured_media":0,"parent":0,"menu_order":0,"comment_status":"closed","ping_status":"closed","template":"","meta":{"_uag_custom_page_level_css":"","site-sidebar-layout":"no-sidebar","site-content-layout":"page-builder","ast-site-content-layout":"full-width-container","site-content-style":"unboxed","site-sidebar-style":"unboxed","ast-global-header-display":"","ast-banner-title-visibility":"","ast-main-header-display":"","ast-hfb-above-header-display":"","ast-hfb-below-header-display":"","ast-hfb-mobile-header-display":"","site-post-title":"disabled","ast-breadcrumbs-content":"","ast-featured-img":"disabled","footer-sml-layout":"","theme-transparent-header-meta":"disabled","adv-header-id-meta":"","stick-header-meta":"","header-above-stick-meta":"","header-main-stick-meta":"","header-below-stick-meta":"","astra-migrate-meta-layouts":"set","footnotes":""},"class_list":["post-2955","page","type-page","status-publish","hentry"],"uagb_featured_image_src":{"full":false,"thumbnail":false,"medium":false,"medium_large":false,"large":false,"1536x1536":false,"2048x2048":false,"trp-custom-language-flag":false},"uagb_author_info":{"display_name":"Nesrin Yarar","author_link":"https:\/\/www.esteswitch.com\/en\/author\/nesrinco\/"},"uagb_comment_info":0,"uagb_excerpt":"Kaimax Exoblanc Kairax Cambridge \u0130lluma &hellip; \u00dcr\u00fcnlerimiz Read More \u00bb","_links":{"self":[{"href":"https:\/\/www.esteswitch.com\/en\/wp-json\/wp\/v2\/pages\/2955","targetHints":{"allow":["GET"]}}],"collection":[{"href":"https:\/\/www.esteswitch.com\/en\/wp-json\/wp\/v2\/pages"}],"about":[{"href":"https:\/\/www.esteswitch.com\/en\/wp-json\/wp\/v2\/types\/page"}],"author":[{"embeddable":true,"href":"https:\/\/www.esteswitch.com\/en\/wp-json\/wp\/v2\/users\/6"}],"replies":[{"embeddable":true,"href":"https:\/\/www.esteswitch.com\/en\/wp-json\/wp\/v2\/comments?post=2955"}],"version-history":[{"count":9,"href":"https:\/\/www.esteswitch.com\/en\/wp-json\/wp\/v2\/pages\/2955\/revisions"}],"predecessor-version":[{"id":2987,"href":"https:\/\/www.esteswitch.com\/en\/wp-json\/wp\/v2\/pages\/2955\/revisions\/2987"}],"wp:attachment":[{"href":"https:\/\/www.esteswitch.com\/en\/wp-json\/wp\/v2\/media?parent=2955"}],"curies":[{"name":"wp","href":"https:\/\/api.w.org\/{rel}","templated":true}]}}