{"id":2946,"date":"2024-11-14T12:27:47","date_gmt":"2024-11-14T12:27:47","guid":{"rendered":"https:\/\/www.esteswitch.com\/?page_id=2946"},"modified":"2024-11-15T08:00:43","modified_gmt":"2024-11-15T08:00:43","slug":"illuma","status":"publish","type":"page","link":"https:\/\/www.esteswitch.com\/en\/urunlerimiz\/illuma\/","title":{"rendered":"\u0130lluma"},"content":{"rendered":"<h1>\n\t\t\u0130lluma\n\t<\/h1>\n\t<div class=\"ast-breadcrumbs-wrapper\">\n\t\t\t<div class=\"ast-breadcrumbs-inner\"><nav role=\"navigation\" aria-label=\"Breadcrumbs\" class=\"breadcrumb-trail breadcrumbs\" ><div class=\"ast-breadcrumbs\"><ul class=\"trail-items\" ><li  class=\"trail-item trail-end\"><span><a href=\"https:\/\/www.esteswitch.com\/en\/\" rel=\"home\"><span >Home<\/span><\/a><\/span><\/li><\/ul><\/div><\/nav><\/div>\n\t\t<\/div>\n\t\t\t\t<img decoding=\"async\" src=\"https:\/\/www.esteswitch.com\/wp-content\/uploads\/2024\/11\/4-1-scaled.webp\" alt=\"4 (1)\" title=\"4 (1)\" itemprop=\"image\"  \/>\n<h3>\n\t\tDear Customers\n\t<\/h3>\n\tWe would like to give you a few important information about Illuma filler products. We would like to explain why we trust Illuma filler products by sharing our reasons for choosing our products.\n<strong>\u0130novasyon ve Bilim:<\/strong> Illuma Dolgu \u00dcr\u00fcnleri, yenilik\u00e7i teknolojilerle geli\u015ftirilmi\u015f, bilimsel olarak kan\u0131tlanm\u0131\u015f form\u00fcller sunar. \u00dcr\u00fcnlerimizin arkas\u0131nda, cilt sa\u011fl\u0131\u011f\u0131 ve g\u00fczellik alan\u0131nda uzman bir ekip taraf\u0131ndan yap\u0131lan ara\u015ft\u0131rmalar bulunur. Illuma&#8217;n\u0131n her bir dolgu \u00fcr\u00fcn\u00fc, y\u00fcksek kalite standartlar\u0131na uygun olarak \u00fcretilir ve s\u00fcrekli olarak denetlenir. B\u00f6ylece, m\u00fc\u015fterilerimize en g\u00fcvenilir ve etkili sonu\u00e7lar\u0131 sunuyoruz.\n<strong>Do\u011fall\u0131k ve Etki: <\/strong>Illuma Dolgu \u00dcr\u00fcnleri, cildin do\u011fal yap\u0131s\u0131na uyum sa\u011flayacak \u015fekilde form\u00fcle edilmi\u015ftir. Amac\u0131m\u0131z, kullan\u0131c\u0131lar\u0131m\u0131za do\u011fal bir \u0131\u015f\u0131lt\u0131 kazand\u0131rmak ve cilt ya\u015flanmas\u0131n\u0131n etkilerini do\u011fal yoldan azaltmakt\u0131r. \u00dcr\u00fcnlerimiz, estetik g\u00f6r\u00fcn\u00fcmlerini korumak isteyen ki\u015filere daha gen\u00e7, taze ve sa\u011fl\u0131kl\u0131 bir g\u00f6r\u00fcn\u00fcm sunmak i\u00e7in tasarlanm\u0131\u015ft\u0131r.\n<strong>M\u00fc\u015fteri Memnuniyeti ve Destek: <\/strong>Illuma, m\u00fc\u015fteri memnuniyetine son derece \u00f6nem verir. Her m\u00fc\u015fterimizin ihtiya\u00e7lar\u0131na \u00f6zen g\u00f6steriyor, onlar\u0131n sa\u011fl\u0131\u011f\u0131 ve g\u00fczelli\u011fi i\u00e7in en do\u011fru \u00e7\u00f6z\u00fcmleri sunmaya \u00e7al\u0131\u015f\u0131yoruz. Illuma olarak, m\u00fc\u015fterilerimizle kurdu\u011fumuz g\u00fc\u00e7l\u00fc ba\u011f sayesinde onlar\u0131n beklentilerini en iyi \u015fekilde kar\u015f\u0131layabilmekten gurur duyuyoruz. Gerek kullan\u0131m deste\u011fi gerekse detayl\u0131 bilgilendirme ile her an yan\u0131n\u0131zday\u0131z.\nIlluma dolgu \u00fcr\u00fcnlerinin bir par\u00e7as\u0131 olarak, g\u00fczellik yolculu\u011funuzda size destek olmaktan mutluluk duyuyoruz. Cilt bak\u0131m\u0131nda g\u00fcvenilir ve do\u011fal \u00e7\u00f6z\u00fcmler arayanlara hitap eden \u00fcr\u00fcnlerimizin, g\u00fczellik ve sa\u011fl\u0131k alan\u0131nda ne kadar faydal\u0131 olabilece\u011fine inan\u0131yoruz. Herhangi bir sorunuz ya da deste\u011fe ihtiya\u00e7 duydu\u011funuz bir konu varsa, bizimle ileti\u015fime ge\u00e7mekten \u00e7ekinmeyin. Size en iyi deneyimi ya\u015fatmak i\u00e7in buraday\u0131z.\n<h2>\n\t\tWellstox Medical Aesthetic Products  <br \/><b>Authorized Distributor of Turkey<\/b>\n\t<\/h2>\n\t<p class=\" translation-block\">You can examine our Wellstox product that we distribute in more detail.<\/p>\n\t\t\t<a href=\"https:\/\/wellstox.com.tr\/\" target=\"_blank\" rel=\"noopener\"  role=\"button\">\n\t\t\t\t\t\t\tVisit the Wellstox Page !\n\t\t<\/a>","protected":false},"excerpt":{"rendered":"<p>Sevgili M\u00fc\u015fterilerimiz Sizlere, Illuma dolgu &hellip;<\/p>\n<p class=\"read-more\"> <a class=\"\" href=\"https:\/\/www.esteswitch.com\/en\/urunlerimiz\/illuma\/\"> <span class=\"screen-reader-text\">\u0130lluma<\/span> Read More \u00bb<\/a><\/p>","protected":false},"author":6,"featured_media":2950,"parent":2955,"menu_order":0,"comment_status":"closed","ping_status":"closed","template":"","meta":{"_uag_custom_page_level_css":"","site-sidebar-layout":"no-sidebar","site-content-layout":"page-builder","ast-site-content-layout":"full-width-container","site-content-style":"unboxed","site-sidebar-style":"unboxed","ast-global-header-display":"","ast-banner-title-visibility":"","ast-main-header-display":"","ast-hfb-above-header-display":"","ast-hfb-below-header-display":"","ast-hfb-mobile-header-display":"","site-post-title":"disabled","ast-breadcrumbs-content":"","ast-featured-img":"disabled","footer-sml-layout":"","theme-transparent-header-meta":"disabled","adv-header-id-meta":"","stick-header-meta":"","header-above-stick-meta":"","header-main-stick-meta":"","header-below-stick-meta":"","astra-migrate-meta-layouts":"set","footnotes":""},"class_list":["post-2946","page","type-page","status-publish","has-post-thumbnail","hentry"],"uagb_featured_image_src":{"full":["https:\/\/www.esteswitch.com\/wp-content\/uploads\/2024\/11\/4.webp",1414,2000,false],"thumbnail":["https:\/\/www.esteswitch.com\/wp-content\/uploads\/2024\/11\/4-150x150.webp",150,150,true],"medium":["https:\/\/www.esteswitch.com\/wp-content\/uploads\/2024\/11\/4-212x300.webp",212,300,true],"medium_large":["https:\/\/www.esteswitch.com\/wp-content\/uploads\/2024\/11\/4-768x1086.webp",768,1086,true],"large":["https:\/\/www.esteswitch.com\/wp-content\/uploads\/2024\/11\/4-724x1024.webp",724,1024,true],"1536x1536":["https:\/\/www.esteswitch.com\/wp-content\/uploads\/2024\/11\/4-1086x1536.webp",1086,1536,true],"2048x2048":["https:\/\/www.esteswitch.com\/wp-content\/uploads\/2024\/11\/4.webp",1414,2000,false],"trp-custom-language-flag":["https:\/\/www.esteswitch.com\/wp-content\/uploads\/2024\/11\/4-8x12.webp",8,12,true]},"uagb_author_info":{"display_name":"Nesrin Yarar","author_link":"https:\/\/www.esteswitch.com\/en\/author\/nesrinco\/"},"uagb_comment_info":0,"uagb_excerpt":"Sevgili M\u00fc\u015fterilerimiz Sizlere, Illuma dolgu &hellip; \u0130lluma Read More \u00bb","_links":{"self":[{"href":"https:\/\/www.esteswitch.com\/en\/wp-json\/wp\/v2\/pages\/2946","targetHints":{"allow":["GET"]}}],"collection":[{"href":"https:\/\/www.esteswitch.com\/en\/wp-json\/wp\/v2\/pages"}],"about":[{"href":"https:\/\/www.esteswitch.com\/en\/wp-json\/wp\/v2\/types\/page"}],"author":[{"embeddable":true,"href":"https:\/\/www.esteswitch.com\/en\/wp-json\/wp\/v2\/users\/6"}],"replies":[{"embeddable":true,"href":"https:\/\/www.esteswitch.com\/en\/wp-json\/wp\/v2\/comments?post=2946"}],"version-history":[{"count":4,"href":"https:\/\/www.esteswitch.com\/en\/wp-json\/wp\/v2\/pages\/2946\/revisions"}],"predecessor-version":[{"id":2997,"href":"https:\/\/www.esteswitch.com\/en\/wp-json\/wp\/v2\/pages\/2946\/revisions\/2997"}],"up":[{"embeddable":true,"href":"https:\/\/www.esteswitch.com\/en\/wp-json\/wp\/v2\/pages\/2955"}],"wp:featuredmedia":[{"embeddable":true,"href":"https:\/\/www.esteswitch.com\/en\/wp-json\/wp\/v2\/media\/2950"}],"wp:attachment":[{"href":"https:\/\/www.esteswitch.com\/en\/wp-json\/wp\/v2\/media?parent=2946"}],"curies":[{"name":"wp","href":"https:\/\/api.w.org\/{rel}","templated":true}]}}