{"id":2741,"date":"2023-11-09T19:40:36","date_gmt":"2023-11-09T19:40:36","guid":{"rendered":"https:\/\/esteswitch.com\/?page_id=2741"},"modified":"2023-11-11T16:47:35","modified_gmt":"2023-11-11T16:47:35","slug":"musterilerimiz","status":"publish","type":"page","link":"https:\/\/www.esteswitch.com\/en\/kurumsal\/musterilerimiz\/","title":{"rendered":"Customers"},"content":{"rendered":"<h1>\n\t\tCustomers\n\t<\/h1>\n\t<div class=\"ast-breadcrumbs-wrapper\">\n\t\t\t<div class=\"ast-breadcrumbs-inner\"><nav role=\"navigation\" aria-label=\"Breadcrumbs\" class=\"breadcrumb-trail breadcrumbs\" ><div class=\"ast-breadcrumbs\"><ul class=\"trail-items\" ><li  class=\"trail-item trail-end\"><span><a href=\"https:\/\/www.esteswitch.com\/en\/\" rel=\"home\"><span >Home<\/span><\/a><\/span><\/li><\/ul><\/div><\/nav><\/div>\n\t\t<\/div>\n\t<p class=\" translation-block\">Our customers are the greatest value for us. We strive to understand and meet their expectations in the best way possible. By offering customized solutions for each customer, we ensure that they get the maximum benefit from our cooperation. Customer satisfaction is the most important value at the heart of our business.<\/p>\n\t\t\t\t<img loading=\"lazy\" decoding=\"async\" src=\"https:\/\/esteswitch.com\/wp-content\/uploads\/2023\/11\/mortgage-banker.jpeg\" alt=\"\" itemprop=\"image\" height=\"1063\" width=\"1600\" onerror=\"this.style.display='none'\"  \/>\n<h2>\n\t\tWellstox Fillings  <br \/><b>Turkey Distributor<\/b>\n\t<\/h2>\n\t<p class=\" translation-block\">You can examine our Wellstox product that we distribute in more detail.<\/p>\n\t\t\t<a href=\"https:\/\/wellstox.com.tr\/\" target=\"_blank\" rel=\"noopener\" role=\"button\">\n\t\t\t\t\t\t\tVisit the Wellstox Page !\n\t\t<\/a>","protected":false},"excerpt":{"rendered":"<p>M\u00fc\u015fterilerimiz, bizim i\u00e7in en b\u00fcy\u00fck &hellip;<\/p>\n<p class=\"read-more\"> <a class=\"\" href=\"https:\/\/www.esteswitch.com\/en\/kurumsal\/musterilerimiz\/\"> <span class=\"screen-reader-text\">Customers<\/span> Read More \u00bb<\/a><\/p>","protected":false},"author":3,"featured_media":0,"parent":633,"menu_order":0,"comment_status":"closed","ping_status":"closed","template":"","meta":{"_uag_custom_page_level_css":"","site-sidebar-layout":"no-sidebar","site-content-layout":"page-builder","ast-site-content-layout":"full-width-container","site-content-style":"unboxed","site-sidebar-style":"unboxed","ast-global-header-display":"","ast-banner-title-visibility":"","ast-main-header-display":"","ast-hfb-above-header-display":"","ast-hfb-below-header-display":"","ast-hfb-mobile-header-display":"","site-post-title":"disabled","ast-breadcrumbs-content":"","ast-featured-img":"disabled","footer-sml-layout":"","theme-transparent-header-meta":"disabled","adv-header-id-meta":"","stick-header-meta":"","header-above-stick-meta":"","header-main-stick-meta":"","header-below-stick-meta":"","astra-migrate-meta-layouts":"set","footnotes":""},"class_list":["post-2741","page","type-page","status-publish","hentry"],"uagb_featured_image_src":{"full":false,"thumbnail":false,"medium":false,"medium_large":false,"large":false,"1536x1536":false,"2048x2048":false,"trp-custom-language-flag":false},"uagb_author_info":{"display_name":"Ali BARDIZ","author_link":"https:\/\/www.esteswitch.com\/en\/author\/ali\/"},"uagb_comment_info":0,"uagb_excerpt":"M\u00fc\u015fterilerimiz, bizim i\u00e7in en b\u00fcy\u00fck &hellip; M\u00fc\u015fterilerimiz Read More \u00bb","_links":{"self":[{"href":"https:\/\/www.esteswitch.com\/en\/wp-json\/wp\/v2\/pages\/2741","targetHints":{"allow":["GET"]}}],"collection":[{"href":"https:\/\/www.esteswitch.com\/en\/wp-json\/wp\/v2\/pages"}],"about":[{"href":"https:\/\/www.esteswitch.com\/en\/wp-json\/wp\/v2\/types\/page"}],"author":[{"embeddable":true,"href":"https:\/\/www.esteswitch.com\/en\/wp-json\/wp\/v2\/users\/3"}],"replies":[{"embeddable":true,"href":"https:\/\/www.esteswitch.com\/en\/wp-json\/wp\/v2\/comments?post=2741"}],"version-history":[{"count":0,"href":"https:\/\/www.esteswitch.com\/en\/wp-json\/wp\/v2\/pages\/2741\/revisions"}],"up":[{"embeddable":true,"href":"https:\/\/www.esteswitch.com\/en\/wp-json\/wp\/v2\/pages\/633"}],"wp:attachment":[{"href":"https:\/\/www.esteswitch.com\/en\/wp-json\/wp\/v2\/media?parent=2741"}],"curies":[{"name":"wp","href":"https:\/\/api.w.org\/{rel}","templated":true}]}}