{"id":2720,"date":"2023-11-09T19:25:59","date_gmt":"2023-11-09T19:25:59","guid":{"rendered":"https:\/\/esteswitch.com\/?page_id=2720"},"modified":"2023-11-17T14:00:29","modified_gmt":"2023-11-17T14:00:29","slug":"multimedya","status":"publish","type":"page","link":"https:\/\/www.esteswitch.com\/en\/multimedya\/","title":{"rendered":"Multimedia"},"content":{"rendered":"<h1>\n\t\tMultimedia\n\t<\/h1>\n\t<div class=\"ast-breadcrumbs-wrapper\">\n\t\t\t<div class=\"ast-breadcrumbs-inner\"><nav role=\"navigation\" aria-label=\"Breadcrumbs\" class=\"breadcrumb-trail breadcrumbs\" ><div class=\"ast-breadcrumbs\"><ul class=\"trail-items\" ><li  class=\"trail-item trail-end\"><span><a href=\"https:\/\/www.esteswitch.com\/en\/\" rel=\"home\"><span >Home<\/span><\/a><\/span><\/li><\/ul><\/div><\/nav><\/div>\n\t\t<\/div>\n<h2>\n\t\tWellstox Fillings  <br \/><b>Turkey Distributor<\/b>\n\t<\/h2>\n\t<p class=\" translation-block\">You can examine our Wellstox product that we distribute in more detail.<\/p>\n\t\t\t<a href=\"https:\/\/wellstox.com.tr\/\" target=\"_blank\" rel=\"noopener\" role=\"button\">\n\t\t\t\t\t\t\tVisit the Wellstox Page !\n\t\t<\/a>","protected":false},"excerpt":{"rendered":"<p>Wellstox Dolgular\u0131 T\u00fcrkiye Distrib\u00fct\u00f6r\u00fc Distribit\u00f6rl\u00fc\u011f\u00fcn\u00fc &hellip;<\/p>\n<p class=\"read-more\"> <a class=\"\" href=\"https:\/\/www.esteswitch.com\/en\/multimedya\/\"> <span class=\"screen-reader-text\">Multimedia<\/span> Read More \u00bb<\/a><\/p>","protected":false},"author":3,"featured_media":0,"parent":0,"menu_order":0,"comment_status":"closed","ping_status":"closed","template":"","meta":{"_uag_custom_page_level_css":"","site-sidebar-layout":"no-sidebar","site-content-layout":"page-builder","ast-site-content-layout":"full-width-container","site-content-style":"unboxed","site-sidebar-style":"unboxed","ast-global-header-display":"","ast-banner-title-visibility":"","ast-main-header-display":"","ast-hfb-above-header-display":"","ast-hfb-below-header-display":"","ast-hfb-mobile-header-display":"","site-post-title":"disabled","ast-breadcrumbs-content":"","ast-featured-img":"disabled","footer-sml-layout":"","theme-transparent-header-meta":"disabled","adv-header-id-meta":"","stick-header-meta":"","header-above-stick-meta":"","header-main-stick-meta":"","header-below-stick-meta":"","astra-migrate-meta-layouts":"set","footnotes":""},"class_list":["post-2720","page","type-page","status-publish","hentry"],"uagb_featured_image_src":{"full":false,"thumbnail":false,"medium":false,"medium_large":false,"large":false,"1536x1536":false,"2048x2048":false,"trp-custom-language-flag":false},"uagb_author_info":{"display_name":"Ali BARDIZ","author_link":"https:\/\/www.esteswitch.com\/en\/author\/ali\/"},"uagb_comment_info":0,"uagb_excerpt":"Wellstox Dolgular\u0131 T\u00fcrkiye Distrib\u00fct\u00f6r\u00fc Distribit\u00f6rl\u00fc\u011f\u00fcn\u00fc &hellip; Multimedya Read More \u00bb","_links":{"self":[{"href":"https:\/\/www.esteswitch.com\/en\/wp-json\/wp\/v2\/pages\/2720","targetHints":{"allow":["GET"]}}],"collection":[{"href":"https:\/\/www.esteswitch.com\/en\/wp-json\/wp\/v2\/pages"}],"about":[{"href":"https:\/\/www.esteswitch.com\/en\/wp-json\/wp\/v2\/types\/page"}],"author":[{"embeddable":true,"href":"https:\/\/www.esteswitch.com\/en\/wp-json\/wp\/v2\/users\/3"}],"replies":[{"embeddable":true,"href":"https:\/\/www.esteswitch.com\/en\/wp-json\/wp\/v2\/comments?post=2720"}],"version-history":[{"count":1,"href":"https:\/\/www.esteswitch.com\/en\/wp-json\/wp\/v2\/pages\/2720\/revisions"}],"predecessor-version":[{"id":2894,"href":"https:\/\/www.esteswitch.com\/en\/wp-json\/wp\/v2\/pages\/2720\/revisions\/2894"}],"wp:attachment":[{"href":"https:\/\/www.esteswitch.com\/en\/wp-json\/wp\/v2\/media?parent=2720"}],"curies":[{"name":"wp","href":"https:\/\/api.w.org\/{rel}","templated":true}]}}